{"id":1058,"date":"2026-02-09T11:55:39","date_gmt":"2026-02-09T11:55:39","guid":{"rendered":"https:\/\/researchchemicalvendors.eu\/?post_type=product&#038;p=1058"},"modified":"2026-02-13T12:08:50","modified_gmt":"2026-02-13T12:08:50","slug":"1cp-lsd-2","status":"publish","type":"product","link":"https:\/\/researchchemicalvendors.eu\/cs\/product\/1cp-lsd-2\/","title":{"rendered":"Chem-mist 1cP LSD Spray"},"content":{"rendered":"<h3 data-start=\"3361\" data-end=\"3382\"><strong data-start=\"3365\" data-end=\"3380\">Introductie<\/strong><\/h3>\n<p data-start=\"3383\" data-end=\"3872\">Chem-mist 1cP-LSD Spray is een <strong data-start=\"3414\" data-end=\"3451\">professionele onderzoeksoplossing<\/strong> die <strong data-start=\"3456\" data-end=\"3490\">1-cyclopropionyl-LSD (1cP-LSD)<\/strong> bevat in een gestabiliseerde waterige spray. Ontworpen voor <strong data-start=\"3551\" data-end=\"3594\">gecontroleerde laboratoriumtoepassingen<\/strong>, maakt het <strong data-start=\"3606\" data-end=\"3649\">nauwkeurige en reproduceerbare dosering<\/strong> mogelijk bij wetenschappelijke en analytische experimenten. De sprayvorm biedt consistente microdosering, uitstekende stabiliteit en vermindert risico op contaminatie.<br data-start=\"3817\" data-end=\"3820\" \/><em data-start=\"3820\" data-end=\"3872\">(Niet bedoeld voor menselijk of dierlijk gebruik.) Chem-mist 1cP-LSD Spray<\/em><\/p>\n<hr data-start=\"3874\" data-end=\"3877\" \/>\n<h3 data-start=\"3879\" data-end=\"3916\"><strong data-start=\"3883\" data-end=\"3914\">Belangrijkste Eigenschappen<\/strong><\/h3>\n<ul data-start=\"3917\" data-end=\"4332\">\n<li data-start=\"3917\" data-end=\"4004\">\n<p data-start=\"3919\" data-end=\"4004\"><strong data-start=\"3919\" data-end=\"3945\">Hoge Zuiverheid (\u226597%)<\/strong> \u2013 Onderzoeksniveau kwaliteit voor betrouwbare resultaten<\/p>\n<\/li>\n<li data-start=\"4005\" data-end=\"4080\">\n<p data-start=\"4007\" data-end=\"4080\"><strong data-start=\"4007\" data-end=\"4036\">Consistente Microdosering<\/strong> \u2013 Elke spray levert een vaste hoeveelheid<\/p>\n<\/li>\n<li data-start=\"4081\" data-end=\"4177\">\n<p data-start=\"4083\" data-end=\"4177\"><strong data-start=\"4083\" data-end=\"4110\">Gestabiliseerde Formule<\/strong> \u2013 Bevat buffers en conserveringsmiddelen voor lange houdbaarheid<\/p>\n<\/li>\n<li data-start=\"4178\" data-end=\"4248\">\n<p data-start=\"4180\" data-end=\"4248\"><strong data-start=\"4180\" data-end=\"4201\">Veilig en Compact<\/strong> \u2013 Vermindert kans op morsen of blootstelling<\/p>\n<\/li>\n<li data-start=\"4249\" data-end=\"4332\">\n<p data-start=\"4251\" data-end=\"4332\"><strong data-start=\"4251\" data-end=\"4278\">Duidelijk Ge\u00ebtiketteerd<\/strong> \u2013 \u201cAlleen voor onderzoek\u201d conform veiligheidsnormen<\/p>\n<\/li>\n<\/ul>\n<hr data-start=\"4334\" data-end=\"4337\" \/>\n<h3 data-start=\"4339\" data-end=\"4358\"><strong data-start=\"4343\" data-end=\"4356\">Voordelen<\/strong><\/h3>\n<p data-start=\"4359\" data-end=\"4697\">\u2705 <strong data-start=\"4361\" data-end=\"4382\">Precieze dosering<\/strong> \u2013 Betrouwbare reproduceerbaarheid tussen metingen<br data-start=\"4432\" data-end=\"4435\" \/>\u2705 <strong data-start=\"4437\" data-end=\"4458\">Effici\u00ebnt gebruik<\/strong> \u2013 Klaar voor direct laboratoriumgebruik<br data-start=\"4498\" data-end=\"4501\" \/>\u2705 <strong data-start=\"4503\" data-end=\"4523\">Schoon en veilig<\/strong> \u2013 Gesloten systeem beperkt besmetting<br data-start=\"4561\" data-end=\"4564\" \/>\u2705 <strong data-start=\"4566\" data-end=\"4594\">Betrouwbare consistentie<\/strong> \u2013 Elke spray heeft een uniforme output<br data-start=\"4633\" data-end=\"4636\" \/>\u2705 <strong data-start=\"4638\" data-end=\"4660\">Lange houdbaarheid<\/strong> \u2013 Blijft stabiel bij juiste opslag<\/p>\n<hr data-start=\"4699\" data-end=\"4702\" \/>\n<h3 data-start=\"4704\" data-end=\"4756\"><strong data-start=\"4708\" data-end=\"4754\">Gebruik (Alleen voor Onderzoeksdoeleinden)<\/strong><\/h3>\n<blockquote data-start=\"4757\" data-end=\"4873\">\n<p data-start=\"4759\" data-end=\"4873\">\u26a0\ufe0f <strong data-start=\"4762\" data-end=\"4777\">Belangrijk:<\/strong> Alleen te gebruiken in laboratorium- of onderzoeksomgevingen met PBM en veiligheidsmaatregelen.<\/p>\n<\/blockquote>\n<ol data-start=\"4875\" data-end=\"5135\">\n<li data-start=\"4875\" data-end=\"4932\">\n<p data-start=\"4878\" data-end=\"4932\">Licht schudden en nozzle primen v\u00f3\u00f3r eerste gebruik.<\/p>\n<\/li>\n<li data-start=\"4933\" data-end=\"4988\">\n<p data-start=\"4936\" data-end=\"4988\">Spray op vaste afstand volgens onderzoeksprotocol.<\/p>\n<\/li>\n<li data-start=\"4989\" data-end=\"5059\">\n<p data-start=\"4992\" data-end=\"5059\">Sluit goed af en bewaar rechtop op een <strong data-start=\"5031\" data-end=\"5056\">koele, donkere plaats<\/strong>.<\/p>\n<\/li>\n<li data-start=\"5060\" data-end=\"5135\">\n<p data-start=\"5063\" data-end=\"5135\">Vermijd huid- of oogcontact; raadpleeg de veiligheidsinformatie (SDS).<\/p>\n<\/li>\n<\/ol>\n<hr data-start=\"5137\" data-end=\"5140\" \/>\n<h3 data-start=\"5142\" data-end=\"5177\"><strong data-start=\"5146\" data-end=\"5175\">Veelgestelde Vragen (FAQ)<\/strong><\/h3>\n<p data-start=\"5179\" data-end=\"5423\"><strong data-start=\"5179\" data-end=\"5201\">1. Wat is 1cP-LSD?<\/strong><br data-start=\"5201\" data-end=\"5204\" \/>1cP-LSD (1-cyclopropionyl-LSD) is een lysergamide-analoog dat in onderzoek wordt gebruikt. In sommige biologische systemen kan het worden omgezet in LSD, wat het nuttig maakt voor farmacologische vergelijkingsstudies.<\/p>\n<p data-start=\"5425\" data-end=\"5614\"><strong data-start=\"5425\" data-end=\"5491\">2. Is Chem-mist 1cP-LSD Spray geschikt voor menselijk gebruik?<\/strong><br data-start=\"5491\" data-end=\"5494\" \/>Nee \u2013 dit product is <strong data-start=\"5515\" data-end=\"5565\">ur\u010den\u00e9 v\u00fdhradn\u011b pro laboratorn\u00ed testov\u00e1n\u00ed<\/strong>, niet voor menselijke of dierlijke consumptie.<\/p>\n<p data-start=\"5616\" data-end=\"5787\"><strong data-start=\"5616\" data-end=\"5652\">3. Hoe moet ik de spray bewaren?<\/strong><br data-start=\"5652\" data-end=\"5655\" \/>Bewaar goed afgesloten, rechtop en uit de buurt van licht, warmte en vocht. Bij correcte opslag blijft de spray langdurig stabiel.<\/p>","protected":false},"excerpt":{"rendered":"<p>Introductie Chem-mist 1cP-LSD Spray is een professionele onderzoeksoplossing die 1-cyclopropionyl-LSD (1cP-LSD) bevat in een gestabiliseerde waterige spray. Ontworpen voor gecontroleerde<\/p>","protected":false},"featured_media":906,"comment_status":"closed","ping_status":"closed","template":"","meta":[],"product_brand":[],"product_cat":[468],"product_tag":[248,22],"class_list":{"0":"post-1058","1":"product","2":"type-product","3":"status-publish","4":"has-post-thumbnail","6":"product_cat-b2b","7":"product_tag-1cp-lsd","8":"product_tag-nl","10":"first","11":"instock","12":"shipping-taxable","13":"purchasable","14":"product-type-variable"},"_links":{"self":[{"href":"https:\/\/researchchemicalvendors.eu\/cs\/wp-json\/wp\/v2\/product\/1058","targetHints":{"allow":["GET"]}}],"collection":[{"href":"https:\/\/researchchemicalvendors.eu\/cs\/wp-json\/wp\/v2\/product"}],"about":[{"href":"https:\/\/researchchemicalvendors.eu\/cs\/wp-json\/wp\/v2\/types\/product"}],"replies":[{"embeddable":true,"href":"https:\/\/researchchemicalvendors.eu\/cs\/wp-json\/wp\/v2\/comments?post=1058"}],"version-history":[{"count":1,"href":"https:\/\/researchchemicalvendors.eu\/cs\/wp-json\/wp\/v2\/product\/1058\/revisions"}],"predecessor-version":[{"id":16580,"href":"https:\/\/researchchemicalvendors.eu\/cs\/wp-json\/wp\/v2\/product\/1058\/revisions\/16580"}],"wp:featuredmedia":[{"embeddable":true,"href":"https:\/\/researchchemicalvendors.eu\/cs\/wp-json\/wp\/v2\/media\/906"}],"wp:attachment":[{"href":"https:\/\/researchchemicalvendors.eu\/cs\/wp-json\/wp\/v2\/media?parent=1058"}],"wp:term":[{"taxonomy":"product_brand","embeddable":true,"href":"https:\/\/researchchemicalvendors.eu\/cs\/wp-json\/wp\/v2\/product_brand?post=1058"},{"taxonomy":"product_cat","embeddable":true,"href":"https:\/\/researchchemicalvendors.eu\/cs\/wp-json\/wp\/v2\/product_cat?post=1058"},{"taxonomy":"product_tag","embeddable":true,"href":"https:\/\/researchchemicalvendors.eu\/cs\/wp-json\/wp\/v2\/product_tag?post=1058"}],"curies":[{"name":"wp","href":"https:\/\/api.w.org\/{rel}","templated":true}]}}