{"id":88,"date":"2026-02-09T11:52:07","date_gmt":"2026-02-09T11:52:07","guid":{"rendered":"https:\/\/researchchemicalvendors.eu\/?post_type=product&#038;p=88"},"modified":"2026-03-15T03:52:06","modified_gmt":"2026-03-15T03:52:06","slug":"norflurazepam","status":"publish","type":"product","link":"https:\/\/researchchemicalvendors.eu\/cs\/produkt\/norflurazepam\/","title":{"rendered":"Norflurazepam"},"content":{"rendered":"<h2><span data-sheets-value=\"{\" data-sheets-userformat=\"{\">Norflurazepam<\/span><\/h2>\n<p><strong>Norflurazepam<\/strong> je l\u00e1tka prod\u00e1van\u00e1 pouze pro v\u00fdzkumn\u00e9 \u00fa\u010dely, a proto nen\u00ed ur\u010dena ke konzumaci. koupit norflurazepam<\/p>\n<p>Norflurazepam si p\u0159i spr\u00e1vn\u00e9m uchov\u00e1v\u00e1n\u00ed zachov\u00e1v\u00e1 stabilitu a\u017e po dobu 2 let. Norflurazepam Je ur\u010den pro v\u00fdzkumn\u00e9 \u00fa\u010dely a nen\u00ed ur\u010den ke konzumaci. Proto je d\u016fle\u017eit\u00e9 jej uchov\u00e1vat mimo dosah d\u011bt\u00ed a dom\u00e1c\u00edch zv\u00ed\u0159at.2C-E<\/p>\n<p>Nab\u00edz\u00edme kvalitn\u00ed v\u00fdzkumn\u00e9 chemik\u00e1lie za p\u0159\u00edznivou cenu. Va\u0161e objedn\u00e1vka je odesl\u00e1na ka\u017ed\u00fd den do 24 hodin. Objednejte si tedy <em>Norflurazepam<\/em> bezpe\u010dn\u011b a rychle prost\u0159ednictv\u00edm !<\/p>\n<h3><span data-sheets-value=\"{\" data-sheets-userformat=\"{\">Vlastnosti norflurazepamu<\/span><\/h3>\n<p><strong>Synonymum:<\/strong> Norflurazepam<br \/>\n<strong>\u010c\u00edslo CAS:<\/strong> 2886-65-9<br \/>\n<strong>Vzorec:<\/strong> 7-chloro-5-(2-fluorophenyl)-1,3-dihydro-2H-1,4-benzodiazepin-2-one<br \/>\n<strong>Molmass:<\/strong> 299,3 g\/mol<br \/>\n<strong>\u010cistota:<\/strong> &gt;97%<\/p>\n<h3>Co je norflurazepam?<\/h3>\n<p>Norflurazepam je v\u00fdzkumn\u00e1 chemick\u00e1 l\u00e1tka pat\u0159\u00edc\u00ed do skupiny benzodiazepin\u016f. Jedn\u00e1 se o syntetickou slou\u010deninu, kter\u00e1 p\u0159itahuje z\u00e1jem v\u00fdzkumn\u00edk\u016f kv\u016fli sv\u00fdm potenci\u00e1ln\u00edm \u00fa\u010dink\u016fm na centr\u00e1ln\u00ed nervov\u00fd syst\u00e9m. 3-MEO-PCP<\/p>\n<p>Norflurazepam poch\u00e1z\u00ed ze skupiny benzodiazepin\u016f, kter\u00e9 jsou zn\u00e1m\u00e9 sv\u00fdmi sedativn\u00edmi, anxiolytick\u00fdmi a svalov\u011b relaxa\u010dn\u00edmi vlastnostmi. Byl vyvinut jako modifikace st\u00e1vaj\u00edc\u00edch benzodiazepin\u016f s c\u00edlem prozkoumat varianty jeho farmakologick\u00e9ho profilu a potenci\u00e1ln\u00ed terapeutick\u00e9 aplikace.<\/p>\n<p>V\u011bdci se zaj\u00edmaj\u00ed zejm\u00e9na o studium interakce norflurazepamu s receptory GABA-A v mozku. Tyto receptory hraj\u00ed kl\u00ed\u010dovou roli v regulaci inhibi\u010dn\u00edch neurotransmiter\u016f. koupit norflurazepam<\/p>\n<p>V\u00fdvoj norflurazepamu jako v\u00fdzkumn\u00e9 chemick\u00e9 l\u00e1tky je veden v\u011bdeckou zv\u011bdavost\u00ed a touhou zlep\u0161it na\u0161e znalosti benzodiazepinov\u00fdch slou\u010denin. Prov\u00e1d\u011bn\u00edm d\u016fkladn\u00e9ho v\u00fdzkumu cht\u011bj\u00ed v\u011bdci roz\u0161\u00ed\u0159it na\u0161e znalosti o \u00fa\u010dinc\u00edch slou\u010deniny na centr\u00e1ln\u00ed nervov\u00fd syst\u00e9m a p\u0159isp\u011bt k \u0161ir\u0161\u00edmu pochopen\u00ed benzodiazepin\u016f. 3-CMC koupit (3-Chloromethcathinone)<\/p>\n<h3>Jak norflurazepam vznikl?<\/h3>\n<p>Historii chemick\u00e9ho v\u00fdzkumu norflurazepamu lze vysledovat a\u017e k v\u00fdvoji a zkoum\u00e1n\u00ed benzodiazepin\u016f. Norflurazepam se objevil jako deriv\u00e1t t\u011bchto benzodiazepin\u016f, p\u0159i\u010dem\u017e v\u011bdci hledali jeho jedine\u010dn\u00e9 vlastnosti a potenci\u00e1ln\u00ed terapeutick\u00e9 vyu\u017eit\u00ed. 4-HO-MET fumar\u00e1t<\/p>\n<p>V\u00fdvoj norflurazepamu jako v\u00fdzkumn\u00e9 chemick\u00e9 l\u00e1tky za\u010dal synt\u00e9zou a modifikac\u00ed st\u00e1vaj\u00edc\u00edch benzodiazepinov\u00fdch slou\u010denin. V\u011bdci cht\u011bli vytvo\u0159it variace chemick\u00e9 struktury, aby mohli studovat jejich \u00fa\u010dinky na centr\u00e1ln\u00ed nervov\u00fd syst\u00e9m a l\u00e9pe pochopit z\u00e1kladn\u00ed mechanismy \u00fa\u010dinku.<\/p>\n<p>Po\u010d\u00e1te\u010dn\u00ed f\u00e1ze studie se zam\u011b\u0159ily na laboratorn\u00ed studie s c\u00edlem ur\u010dit farmakologick\u00fd profil slou\u010deniny, v\u010detn\u011b jej\u00ed vazebn\u00e9 afinity ke specifick\u00fdm receptor\u016fm v mozku. Jak v\u00fdzkum postupoval, v\u011bdci zkoumali farmakokinetiku slou\u010deniny, studovali absorpci, distribuci, metabolismus a eliminaci v t\u011ble. Tyto informace poskytuj\u00ed cenn\u00e9 poznatky o d\u00e9lce p\u016fsoben\u00ed slou\u010deniny a jej\u00edm potenci\u00e1ln\u00edm terapeutick\u00e9m vyu\u017eit\u00ed. 3-MEC<\/p>\n<h3>Varov\u00e1n\u00ed p\u0159ed nebezpe\u010d\u00edm<\/h3>\n<p>Norflurazepam m\u016f\u017ee zp\u016fsobit podr\u00e1\u017ed\u011bn\u00ed d\u00fdchac\u00edch cest<br \/>\nNorflurazepam m\u016f\u017ee zp\u016fsobit podr\u00e1\u017ed\u011bn\u00ed o\u010d\u00ed. koupit norflurazepam<br \/>\nVypou\u0161t\u011bn\u00ed v\u00fdzkumn\u00fdch chemick\u00fdch l\u00e1tek do \u017eivotn\u00edho prost\u0159ed\u00ed je zak\u00e1z\u00e1no.<\/p>\n<p>Norflurazepam p\u0159i zasa\u017een\u00ed o\u010d\u00ed: O\u010di pe\u010dliv\u011b vyplachujte vodou po dobu p\u011bti minut. Pokud je to mo\u017en\u00e9, vyjm\u011bte kontaktn\u00ed \u010do\u010dky.<\/p>\n<p>Norflurazepam p\u0159i styku s k\u016f\u017e\u00ed: Omyjte k\u016f\u017ei vodou a m\u00fddlem.<\/p>\n<p>PO VDECHNUT\u00cd Norflurazepamu: p\u0159eneste ob\u011b\u0165 na \u010derstv\u00fd vzduch a nechte ji st\u00e1t v poloze, kter\u00e1 usnad\u0148uje d\u00fdch\u00e1n\u00ed.<\/p>","protected":false},"excerpt":{"rendered":"<h3><span data-sheets-value=\"{\" data-sheets-userformat=\"{\">Vlastnosti norflurazepamu<\/span><\/h3>\n<p><strong>Synonymum:<\/strong> Norflurazepam<br \/>\n<strong>\u010c\u00edslo CAS:<\/strong> 2886-65-9<br \/>\n<strong>Vzorec:<\/strong> 7-chloro-5-(2-fluorophenyl)-1,3-dihydro-2H-1,4-benzodiazepin-2-one<br \/>\n<strong>Molmass:<\/strong> 299,3 g\/mol<br \/>\n<strong>\u010cistota:<\/strong> &gt;97%<\/p>","protected":false},"featured_media":17051,"comment_status":"closed","ping_status":"closed","template":"","meta":[],"product_brand":[],"product_cat":[74,162],"product_tag":[22,163,164,165],"class_list":{"0":"post-88","1":"product","2":"type-product","3":"status-publish","4":"has-post-thumbnail","6":"product_cat-benzodiazepinen","7":"product_cat-norflurazepam","8":"product_tag-nl","9":"product_tag-norflurazepam","10":"product_tag-norflurazepam-kopen","11":"product_tag-norflurazepam-werking","13":"first","14":"instock","15":"shipping-taxable","16":"purchasable","17":"product-type-variable"},"_links":{"self":[{"href":"https:\/\/researchchemicalvendors.eu\/cs\/wp-json\/wp\/v2\/product\/88","targetHints":{"allow":["GET"]}}],"collection":[{"href":"https:\/\/researchchemicalvendors.eu\/cs\/wp-json\/wp\/v2\/product"}],"about":[{"href":"https:\/\/researchchemicalvendors.eu\/cs\/wp-json\/wp\/v2\/types\/product"}],"replies":[{"embeddable":true,"href":"https:\/\/researchchemicalvendors.eu\/cs\/wp-json\/wp\/v2\/comments?post=88"}],"version-history":[{"count":1,"href":"https:\/\/researchchemicalvendors.eu\/cs\/wp-json\/wp\/v2\/product\/88\/revisions"}],"predecessor-version":[{"id":16655,"href":"https:\/\/researchchemicalvendors.eu\/cs\/wp-json\/wp\/v2\/product\/88\/revisions\/16655"}],"wp:featuredmedia":[{"embeddable":true,"href":"https:\/\/researchchemicalvendors.eu\/cs\/wp-json\/wp\/v2\/media\/17051"}],"wp:attachment":[{"href":"https:\/\/researchchemicalvendors.eu\/cs\/wp-json\/wp\/v2\/media?parent=88"}],"wp:term":[{"taxonomy":"product_brand","embeddable":true,"href":"https:\/\/researchchemicalvendors.eu\/cs\/wp-json\/wp\/v2\/product_brand?post=88"},{"taxonomy":"product_cat","embeddable":true,"href":"https:\/\/researchchemicalvendors.eu\/cs\/wp-json\/wp\/v2\/product_cat?post=88"},{"taxonomy":"product_tag","embeddable":true,"href":"https:\/\/researchchemicalvendors.eu\/cs\/wp-json\/wp\/v2\/product_tag?post=88"}],"curies":[{"name":"wp","href":"https:\/\/api.w.org\/{rel}","templated":true}]}}