{"id":432,"date":"2026-02-09T11:52:52","date_gmt":"2026-02-09T11:52:52","guid":{"rendered":"https:\/\/researchchemicalvendors.eu\/?post_type=product&#038;p=432"},"modified":"2026-03-14T00:17:52","modified_gmt":"2026-03-14T00:17:52","slug":"noopept","status":"publish","type":"product","link":"https:\/\/researchchemicalvendors.eu\/es\/producto\/noopept\/","title":{"rendered":"NOOPEPT 20 MG Pellets"},"content":{"rendered":"<p data-start=\"3633\" data-end=\"3937\"><strong data-start=\"3633\" data-end=\"3658\">Noopept 20 MG Pellets<\/strong> son compuestos de investigaci\u00f3n de alta calidad especialmente desarrollados para <strong data-start=\"3726\" data-end=\"3774\">neurociencia e investigaci\u00f3n cognitiva<\/strong>. Conocido qu\u00edmicamente como <strong data-start=\"3796\" data-end=\"3840\">\u00e9ster et\u00edlico de N-fenilacetil-L-prolilglicina<\/strong>, Noopept es ampliamente estudiado debido a su <strong data-start=\"3886\" data-end=\"3934\">propiedades neuroprotectoras y cognitivas<\/strong>. comprar noopept<\/p>\n<p data-start=\"3939\" data-end=\"4151\">Cada gr\u00e1nulo contiene <strong data-start=\"3957\" data-end=\"3982\">20 mg de Noopept puro<\/strong>, Este compuesto es muy popular en los estudios de eficacia. Este compuesto es popular en estudios de <strong data-start=\"4101\" data-end=\"4148\">memoria, capacidad de aprendizaje y neuroplasticidad<\/strong>.<\/p>\n<blockquote data-start=\"4153\" data-end=\"4285\">\n<p data-start=\"4155\" data-end=\"4285\">\u26a0\ufe0f <strong data-start=\"4158\" data-end=\"4169\">Nota:<\/strong> Este producto es <strong data-start=\"4185\" data-end=\"4240\">destinados exclusivamente a la investigaci\u00f3n cient\u00edfica<\/strong>. No apto para el consumo humano.<\/p>\n<\/blockquote>\n<hr data-start=\"4287\" data-end=\"4290\" \/>\n<h3 data-start=\"4292\" data-end=\"4323\"><strong data-start=\"4296\" data-end=\"4323\">Caracter\u00edsticas principales<\/strong><\/h3>\n<ul data-start=\"4324\" data-end=\"4777\">\n<li data-start=\"4324\" data-end=\"4419\">\n<p data-start=\"4326\" data-end=\"4419\"><strong data-start=\"4326\" data-end=\"4352\">Alta pureza (\u226599%)<\/strong> - Calidad, estabilidad y composici\u00f3n probadas en laboratorio.<\/p>\n<\/li>\n<li data-start=\"4420\" data-end=\"4527\">\n<p data-start=\"4422\" data-end=\"4527\"><strong data-start=\"4422\" data-end=\"4463\">Pellets dosificados con precisi\u00f3n (20 MG)<\/strong> - Garantiza resultados de investigaci\u00f3n fiables y repetibles.<\/p>\n<\/li>\n<li data-start=\"4528\" data-end=\"4613\">\n<p data-start=\"4530\" data-end=\"4613\"><strong data-start=\"4530\" data-end=\"4554\">Formulaci\u00f3n estable<\/strong> - La forma en gr\u00e1nulos mejora la conservaci\u00f3n y la facilidad de uso.<\/p>\n<\/li>\n<li data-start=\"4614\" data-end=\"4684\">\n<p data-start=\"4616\" data-end=\"4684\"><strong data-start=\"4616\" data-end=\"4641\">Calidad constante<\/strong> - Producido bajo normas similares a las GMP.<\/p>\n<\/li>\n<li data-start=\"4685\" data-end=\"4777\">\n<p data-start=\"4687\" data-end=\"4777\"><strong data-start=\"4687\" data-end=\"4709\">Envasado seguro<\/strong> - Envase herm\u00e9tico y resistente a la humedad para una protecci\u00f3n \u00f3ptima.<\/p>\n<\/li>\n<\/ul>\n<hr data-start=\"4779\" data-end=\"4782\" \/>\n<h3 data-start=\"4784\" data-end=\"4801\"><strong data-start=\"4788\" data-end=\"4801\">Ventajas<\/strong><\/h3>\n<ul data-start=\"4802\" data-end=\"5109\">\n<li data-start=\"4802\" data-end=\"4883\">\n<p data-start=\"4804\" data-end=\"4883\">Apoya la investigaci\u00f3n sobre <strong data-start=\"4831\" data-end=\"4880\">funciones cognitivas, memoria y capacidad de aprendizaje<\/strong>.<\/p>\n<\/li>\n<li data-start=\"4884\" data-end=\"4962\">\n<p data-start=\"4886\" data-end=\"4962\">Adecuado para <strong data-start=\"4900\" data-end=\"4959\">estudios sobre neuroprotecci\u00f3n y plasticidad sin\u00e1ptica<\/strong>.<\/p>\n<\/li>\n<li data-start=\"4963\" data-end=\"5029\">\n<p data-start=\"4965\" data-end=\"5029\">Garantiza <strong data-start=\"4976\" data-end=\"5026\">dosificaci\u00f3n precisa y resultados fiables<\/strong>.<\/p>\n<\/li>\n<li data-start=\"5030\" data-end=\"5109\">\n<p data-start=\"5032\" data-end=\"5109\">F\u00e1cil de manipular, almacenar y transportar gracias a la forma estable del pellet. comprar noopept<\/p>\n<\/li>\n<\/ul>\n<hr data-start=\"5111\" data-end=\"5114\" \/>\n<h3 data-start=\"5116\" data-end=\"5131\"><strong data-start=\"5120\" data-end=\"5131\">Utilice<\/strong><\/h3>\n<ul data-start=\"5132\" data-end=\"5424\">\n<li data-start=\"5132\" data-end=\"5202\">\n<p data-start=\"5134\" data-end=\"5202\">Para uso exclusivo de <strong data-start=\"5159\" data-end=\"5199\">personal de laboratorio cualificado<\/strong>.<\/p>\n<\/li>\n<li data-start=\"5203\" data-end=\"5286\">\n<p data-start=\"5205\" data-end=\"5286\">Llevar ropa adecuada <strong data-start=\"5221\" data-end=\"5245\">equipo de protecci\u00f3n<\/strong> como guantes y gafas de seguridad.<\/p>\n<\/li>\n<li data-start=\"5287\" data-end=\"5365\">\n<p data-start=\"5289\" data-end=\"5365\">Almacenar en un <strong data-start=\"5304\" data-end=\"5327\">lugar fresco y seco<\/strong>, Protegido de la luz solar y la humedad.<\/p>\n<\/li>\n<li data-start=\"5366\" data-end=\"5424\">\n<p data-start=\"5368\" data-end=\"5424\">No apto para el consumo humano ni animal.<\/p>\n<\/li>\n<\/ul>\n<hr data-start=\"5426\" data-end=\"5429\" \/>\n<h3 data-start=\"5431\" data-end=\"5466\"><strong data-start=\"5435\" data-end=\"5466\">Preguntas m\u00e1s frecuentes (FAQ)<\/strong><\/h3>\n<p data-start=\"5468\" data-end=\"5640\"><strong data-start=\"5468\" data-end=\"5507\">1. \u00bfPara qu\u00e9 se utiliza Noopept?<\/strong><br data-start=\"5507\" data-end=\"5510\" \/>Noopept se utiliza para <strong data-start=\"5538\" data-end=\"5597\">investigaci\u00f3n sobre procesos cognitivos y neuroprotectores<\/strong>, con \u00e9nfasis en la memoria y la capacidad de aprendizaje.<\/p>\n<p data-start=\"5642\" data-end=\"5811\"><strong data-start=\"5642\" data-end=\"5700\">2. \u00bfEs Noopept 20 MG adecuado para uso personal?<\/strong><br data-start=\"5700\" data-end=\"5703\" \/>No. Este producto es <strong data-start=\"5723\" data-end=\"5773\">destinados exclusivamente a pruebas de laboratorio<\/strong> y no para el consumo humano.<\/p>\n<p data-start=\"5813\" data-end=\"5980\"><strong data-start=\"5813\" data-end=\"5858\">3. \u00bfC\u00f3mo debe almacenarse Noopept 20 MG?<\/strong><br data-start=\"5858\" data-end=\"5861\" \/>Guardar en un <strong data-start=\"5876\" data-end=\"5913\">recipiente seco y bien cerrado<\/strong> a temperatura ambiente (15-25\u00b0C), al abrigo de la humedad y la luz.<\/p>","protected":false},"excerpt":{"rendered":"<p>Noopept 20 MG Pellets zijn hoogwaardige onderzoeksverbindingen, speciaal ontwikkeld voor neurowetenschappelijk en cognitief onderzoek. Chemisch bekend als N-fenylacetyl-L-prolylglycine ethylester, wordt<\/p>","protected":false},"featured_media":17047,"comment_status":"closed","ping_status":"closed","template":"","meta":[],"product_brand":[],"product_cat":[67,283,68,71,26],"product_tag":[22,284,285],"class_list":{"0":"post-432","1":"product","2":"type-product","3":"status-publish","4":"has-post-thumbnail","6":"product_cat-noopept","7":"product_cat-noopept-pellets","8":"product_cat-nootropics","9":"product_cat-pellets","10":"product_cat-sale","11":"product_tag-nl","12":"product_tag-noopept","13":"product_tag-noopept-kopen","15":"first","16":"instock","17":"shipping-taxable","18":"purchasable","19":"product-type-variable"},"_links":{"self":[{"href":"https:\/\/researchchemicalvendors.eu\/es\/wp-json\/wp\/v2\/product\/432","targetHints":{"allow":["GET"]}}],"collection":[{"href":"https:\/\/researchchemicalvendors.eu\/es\/wp-json\/wp\/v2\/product"}],"about":[{"href":"https:\/\/researchchemicalvendors.eu\/es\/wp-json\/wp\/v2\/types\/product"}],"replies":[{"embeddable":true,"href":"https:\/\/researchchemicalvendors.eu\/es\/wp-json\/wp\/v2\/comments?post=432"}],"version-history":[{"count":1,"href":"https:\/\/researchchemicalvendors.eu\/es\/wp-json\/wp\/v2\/product\/432\/revisions"}],"predecessor-version":[{"id":16645,"href":"https:\/\/researchchemicalvendors.eu\/es\/wp-json\/wp\/v2\/product\/432\/revisions\/16645"}],"wp:featuredmedia":[{"embeddable":true,"href":"https:\/\/researchchemicalvendors.eu\/es\/wp-json\/wp\/v2\/media\/17047"}],"wp:attachment":[{"href":"https:\/\/researchchemicalvendors.eu\/es\/wp-json\/wp\/v2\/media?parent=432"}],"wp:term":[{"taxonomy":"product_brand","embeddable":true,"href":"https:\/\/researchchemicalvendors.eu\/es\/wp-json\/wp\/v2\/product_brand?post=432"},{"taxonomy":"product_cat","embeddable":true,"href":"https:\/\/researchchemicalvendors.eu\/es\/wp-json\/wp\/v2\/product_cat?post=432"},{"taxonomy":"product_tag","embeddable":true,"href":"https:\/\/researchchemicalvendors.eu\/es\/wp-json\/wp\/v2\/product_tag?post=432"}],"curies":[{"name":"wp","href":"https:\/\/api.w.org\/{rel}","templated":true}]}}