{"id":18,"date":"2026-02-09T11:51:55","date_gmt":"2026-02-09T11:51:55","guid":{"rendered":"https:\/\/researchchemicalvendors.eu\/?post_type=product&#038;p=18"},"modified":"2026-03-14T04:10:41","modified_gmt":"2026-03-14T04:10:41","slug":"1p-lsd-100-mcg-blotterid","status":"publish","type":"product","link":"https:\/\/researchchemicalvendors.eu\/et\/toode\/1p-lsd-100-mcg-blotterid\/","title":{"rendered":"1P-LSD 100 MCG Blotterid"},"content":{"rendered":"<h1><strong>LSD Blotters - k\u00f5rge ps\u00fchhedeelne kogemus<\/strong><\/h1>\n<p><strong>Ostke laborikvaliteediga 1P-LSD 100 mcg blotterid - ohutult, t\u00e4pselt doseeritud ja diskreetselt tarnitud.<\/strong><\/p>\n<hr \/>\n<h2>\u2705 Mis on 1P-LSD?<\/h2>\n<p><strong>1P-LSD (1-propion\u00fc\u00fcl-l\u00fcserghappe diet\u00fc\u00fclamiid)<\/strong> on populaarne <em>uurimiskemikaal<\/em> l\u00fcsergamiidide perekonnast. See on tuntud oma <strong>ps\u00fchhedeelne m\u00f5ju<\/strong> ja seda kasutatakse sageli eneseanal\u00fc\u00fcsiks ja teaduslikel eesm\u00e4rkidel. Keemiliselt on see v\u00e4ga sarnane LSD-ga, kuid selle m\u00f5ju ja \u00f5iguslik staatus on m\u00f5nes riigis veidi erinev.<\/p>\n<p>Meie <strong>1P-LSD 100 mcg sisaldav blotter.<\/strong> on ideaalselt doseeritud nii algajatele kui ka kogenud kasutajatele.<\/p>\n<hr \/>\n<h2>\u2b50 Miks osta 1P-LSD meilt?<\/h2>\n<ul>\n<li>\ud83d\udd2c <strong>Laboratoorselt testitud:<\/strong> Garanteeritud puhtus ja kvaliteet<\/li>\n<li>\ud83d\udccf <strong>T\u00e4pne annus:<\/strong> Iga prooviplaaster sisaldab t\u00e4pselt 100 mikrogrammi 1P-LSD-d.<\/li>\n<li>\ud83d\udce6 <strong>Diskreetne laevandus:<\/strong> Turvaliselt pakitud ilma \u00e4ratuntavate etikettideta<\/li>\n<li>\u2705 <strong>Usaldusv\u00e4\u00e4rne allikas:<\/strong> Sajad rahulolevad kliendid eelnevad teile <a href=\"http:\/\/google.nl\" target=\"_blank\" rel=\"noopener\">.<\/a><\/li>\n<\/ul>\n<hr \/>\n<h2>\ud83c\udf08 1P-LSD 100 mcg M\u00f5ju<\/h2>\n<p>M\u00f5ju, mida avaldab <strong>1P-LSD 100 mcg<\/strong> on intensiivsed ja vaimselt rikastavad. Kasutajad teatavad muu hulgas j\u00e4rgmist:<\/p>\n<ul>\n<li>Visuaalsed mustrid ja v\u00e4rvilised hallutsinatsioonid<\/li>\n<li>Suurenenud loovus ja vaimne paindlikkus<\/li>\n<li>Introspektsioon ja s\u00fcgavad isiklikud arusaamad<\/li>\n<li>Muutunud ajataju ja sensoorne v\u00f5imendus<\/li>\n<\/ul>\n<p>\u23f1\ufe0f <em>Kestus:<\/em> 6 kuni 10 tundi<br \/>\n\u23f3 <em>Alustamine:<\/em> 30-60 minuti jooksul p\u00e4rast sissev\u00f5tmist<\/p>\n<hr \/>\n<h2>\ud83d\udc8a Soovitatav annus 1P-LSD<\/h2>\n<table>\n<thead>\n<tr>\n<th>Kasutaja tase<\/th>\n<th>Annustamine<\/th>\n<th>M\u00f5ju<\/th>\n<\/tr>\n<\/thead>\n<tbody>\n<tr>\n<td>Algaja<\/td>\n<td>50-100 mcg<\/td>\n<td>Kerge kuni keskmine reis<\/td>\n<\/tr>\n<tr>\n<td>Kogenud kasutaja<\/td>\n<td>100-150 mcg<\/td>\n<td>Intensiivne ps\u00fchhedeelne kogemus<\/td>\n<\/tr>\n<tr>\n<td>V\u00e4ga kogenud kasutaja<\/td>\n<td>150+ mcg<\/td>\n<td>S\u00fcgav ja pikaajaline reis<\/td>\n<\/tr>\n<\/tbody>\n<\/table>\n<p>\u26a0\ufe0f <strong>M\u00e4rkus:<\/strong> Mitte kunagi ei tohi kombineerida alkoholi v\u00f5i muude uimastitega. Kasutage seda alati turvalises keskkonnas.<\/p>\n<hr \/>\n<h2>\ud83d\udd10 Ohutus ja ladustamine<\/h2>\n<ul>\n<li>Mitte kasutada ps\u00fc\u00fchikah\u00e4irete korral<\/li>\n<li>Kasutage alati tuttavas keskkonnas (komplekt ja seade).<\/li>\n<li>S\u00e4ilitada jahedas, kuivas ja pimedas kohas<\/li>\n<li>Hoida lastele k\u00e4ttesaamatus kohas<\/li>\n<\/ul>\n<hr \/>\n<h2>\ud83d\udc64 Kellele sobib 1P-LSD?<\/h2>\n<p>See <strong>1P-LSD 100 mcg plekid<\/strong> Sobivad ideaalselt:<\/p>\n<ul>\n<li>\ud83e\udde0 <strong>Psychonauts<\/strong> - Avasta oma teadvust<\/li>\n<li>\ud83c\udfa8 <strong>Loovad meeled<\/strong> - Uute ideede julgustamine<\/li>\n<li>\ud83e\uddd8\u200d\u2640\ufe0f <strong>Vaimsed otsijad<\/strong> - S\u00fcgavate arusaamade otsimine<\/li>\n<li>\ud83e\uddea <strong>Teadlased<\/strong> - Eksperimenteeri vastutustundlikult<span style=\"vertical-align: inherit;\">\u00a0<\/span><a title=\"6-CL-ADBA\" href=\"https:\/\/researchchemicalvendors.eu\/et\/shop\/bijna-verboden\/6-cl-adba\/\" target=\"_blank\" rel=\"noopener\"><span style=\"vertical-align: inherit;\">6-CL-ADBA<\/span><\/a><\/li>\n<\/ul>\n<hr \/>\n<h2>\ud83d\uded2 Telli 1P-LSD 100 mcg Blotters Online<\/h2>\n<p>Kogemused v\u00f5imu <strong>1P-LSD<\/strong> meie kvaliteetsete m\u00e4rkmike abil. Tellige juba t\u00e4na:<\/p>\n<p>\u2714\ufe0f Kiire tarne<br \/>\n\u2714\ufe0f Diskreetne pakend<br \/>\n\u2714\ufe0f Garanteeritud tippkvaliteet<\/p>\n<p><strong>\ud83d\udc49 Telli n\u00fc\u00fcd ja alusta oma ps\u00fchhedeelset teekonda!<a title=\"1V-LSD 150 MCG Blotterid\" href=\"https:\/\/researchchemicalvendors.eu\/et\/shop\/lysergamides\/1v-lsd-150-mcg-blotters\/\" target=\"_blank\" rel=\"noopener\"><span style=\"vertical-align: inherit;\">1V-LSD 150 MCG Blotterid<\/span><\/a><\/strong><\/p>\n<hr \/>\n<h2>\u2753 Korduma kippuvad k\u00fcsimused (KKK)<\/h2>\n<p><strong>Kas 1P-LSD on Madalmaades seaduslik?<\/strong><br \/>\n1P-LSDd k\u00e4sitlevad \u00f5igusaktid v\u00f5ivad muutuda. Kontrollige alati kehtivaid eeskirju.<\/p>\n<p><strong>Kuidas ma peaksin 1P-LSD-plaastreid s\u00e4ilitama?<\/strong><br \/>\n\u00d5hukindlas konteineris, pimedas ja kuivas kohas toatemperatuuril.<\/p>\n<p><strong>Kas ma v\u00f5in 1P-LSD-d kombineerida teiste ainetega?<\/strong><br \/>\nKombinatsioone ei soovitata ettearvamatute koostoimete t\u00f5ttu.<\/p>\n<p><strong>Millal algab 1P-LSD m\u00f5ju?<\/strong><br \/>\nKeskmiselt 30-60 minuti jooksul p\u00e4rast allaneelamist, s\u00f5ltuvalt maosisust ja ainevahetusest.<span style=\"vertical-align: inherit;\">\u00a0<\/span><a title=\"2C-EF 2mg kapslid\" href=\"https:\/\/researchchemicalvendors.eu\/et\/shop\/fenethylamine\/2c-ef-2mg-capsules\/\" target=\"_blank\" rel=\"noopener\"><span style=\"vertical-align: inherit;\">2C-EF 2mg kapslid<\/span><\/a><\/p>","protected":false},"excerpt":{"rendered":"<h2><span style=\"vertical-align: inherit;\"><span style=\"vertical-align: inherit;\">1P-LSD blotters properties<\/span><\/span><\/h2>\n<p><strong><span style=\"vertical-align: inherit;\"><span style=\"vertical-align: inherit;\">Synonyms<\/span><\/span><\/strong><span style=\"vertical-align: inherit;\"><span style=\"vertical-align: inherit;\"> : N,N-diethyl-7-methyl-4-propanoyl-6,6a,8,9-tetrahydroindolo[4,3-fg]quinoline-9-carboxamide <\/span><\/span><br \/>\n<strong><span style=\"vertical-align: inherit;\"><span style=\"vertical-align: inherit;\">CAS Number<\/span><\/span><\/strong><span style=\"vertical-align: inherit;\"><span style=\"vertical-align: inherit;\"> : 2349358-81-0 <\/span><\/span><br \/>\n<strong><span style=\"vertical-align: inherit;\"><span style=\"vertical-align: inherit;\">Formula<\/span><\/span><\/strong><span style=\"vertical-align: inherit;\"><span style=\"vertical-align: inherit;\"> : C23H29N3O2 <\/span><\/span><br \/>\n<strong><span style=\"vertical-align: inherit;\"><span style=\"vertical-align: inherit;\">Molar Mass<\/span><\/span><\/strong><span style=\"vertical-align: inherit;\"><span style=\"vertical-align: inherit;\"> : 379.5 g\/mol <\/span><\/span><br \/>\n<strong><span style=\"vertical-align: inherit;\"><span style=\"vertical-align: inherit;\">Purity<\/span><\/span><\/strong><span style=\"vertical-align: inherit;\"><span style=\"vertical-align: inherit;\"> : \u226599.3%<\/span><\/span><\/p>\n","protected":false},"featured_media":16817,"comment_status":"closed","ping_status":"closed","template":"","meta":[],"product_brand":[23],"product_cat":[45,46],"product_tag":[1025,47,48,49,22],"class_list":{"0":"post-18","1":"product","2":"type-product","3":"status-publish","4":"has-post-thumbnail","6":"product_brand-research-chemical","7":"product_cat-1p-lsd-kopen","8":"product_cat-lysergamides","9":"product_tag-1p-lsd-100-mcg-blotters","10":"product_tag-blotters","11":"product_tag-lsd","12":"product_tag-lsd-blotter","13":"product_tag-nl","15":"first","16":"instock","17":"shipping-taxable","18":"purchasable","19":"product-type-variable"},"_links":{"self":[{"href":"https:\/\/researchchemicalvendors.eu\/et\/wp-json\/wp\/v2\/product\/18","targetHints":{"allow":["GET"]}}],"collection":[{"href":"https:\/\/researchchemicalvendors.eu\/et\/wp-json\/wp\/v2\/product"}],"about":[{"href":"https:\/\/researchchemicalvendors.eu\/et\/wp-json\/wp\/v2\/types\/product"}],"replies":[{"embeddable":true,"href":"https:\/\/researchchemicalvendors.eu\/et\/wp-json\/wp\/v2\/comments?post=18"}],"version-history":[{"count":1,"href":"https:\/\/researchchemicalvendors.eu\/et\/wp-json\/wp\/v2\/product\/18\/revisions"}],"predecessor-version":[{"id":16768,"href":"https:\/\/researchchemicalvendors.eu\/et\/wp-json\/wp\/v2\/product\/18\/revisions\/16768"}],"wp:featuredmedia":[{"embeddable":true,"href":"https:\/\/researchchemicalvendors.eu\/et\/wp-json\/wp\/v2\/media\/16817"}],"wp:attachment":[{"href":"https:\/\/researchchemicalvendors.eu\/et\/wp-json\/wp\/v2\/media?parent=18"}],"wp:term":[{"taxonomy":"product_brand","embeddable":true,"href":"https:\/\/researchchemicalvendors.eu\/et\/wp-json\/wp\/v2\/product_brand?post=18"},{"taxonomy":"product_cat","embeddable":true,"href":"https:\/\/researchchemicalvendors.eu\/et\/wp-json\/wp\/v2\/product_cat?post=18"},{"taxonomy":"product_tag","embeddable":true,"href":"https:\/\/researchchemicalvendors.eu\/et\/wp-json\/wp\/v2\/product_tag?post=18"}],"curies":[{"name":"wp","href":"https:\/\/api.w.org\/{rel}","templated":true}]}}