{"id":382,"date":"2026-02-09T11:52:43","date_gmt":"2026-02-09T11:52:43","guid":{"rendered":"https:\/\/researchchemicalvendors.eu\/?post_type=product&#038;p=382"},"modified":"2026-03-14T00:24:21","modified_gmt":"2026-03-14T00:24:21","slug":"ept-fumarate-n-ethyl-n-propyltryptamine","status":"publish","type":"product","link":"https:\/\/researchchemicalvendors.eu\/fr\/produit\/ept-fumarate-n-ethyl-n-propyltryptamine\/","title":{"rendered":"EPT fumarate (N-ethyl-N-propyltryptamine)"},"content":{"rendered":"<h3><strong><span dir=\"auto\" style=\"vertical-align: inherit;\">EPT Fumarate (N-ethyl-N-propyltryptamine) \u2013 Scientific Product Description<\/span><\/strong><\/h3>\n<p data-start=\"3805\" data-end=\"3986\"><strong data-start=\"3805\" data-end=\"3850\">EPT Fumaraat (N-Ethyl-N-Propyltryptamine)<\/strong> est un <strong data-start=\"3858\" data-end=\"3900\">compos\u00e9 de recherche de haute puret\u00e9<\/strong>, d\u00e9velopp\u00e9 pour <strong data-start=\"3918\" data-end=\"3983\">neurowetenschappelijk, farmacologisch en analytisch onderzoek<\/strong>. ept fumarate<\/p>\n<p data-start=\"3988\" data-end=\"4239\">En tant que <strong data-start=\"3992\" data-end=\"4037\">structurele analogon van DMT, MET en MiPT<\/strong>, biedt EPT waardevolle mogelijkheden voor onderzoek naar <strong data-start=\"4095\" data-end=\"4139\">serotonine-receptoren (5-HT2A en 5-HT1A)<\/strong>, <strong data-start=\"4141\" data-end=\"4163\">bindingsaffiniteit<\/strong> et <strong data-start=\"4167\" data-end=\"4209\">structure-activity relationships (SAR)<\/strong> binnen de tryptamineklasse.<\/p>\n<p data-start=\"4241\" data-end=\"4432\">Le <strong data-start=\"4244\" data-end=\"4264\">fumaraatzoutvorm<\/strong> augmente la <strong data-start=\"4277\" data-end=\"4333\">stabilit\u00e9 chimique, solubilit\u00e9 et dur\u00e9e de conservation<\/strong>, waardoor dit product ideaal is voor langdurig gebruik in gecontroleerde laboratoriumomgevingen.<\/p>\n<blockquote data-start=\"4434\" data-end=\"4585\">\n<p data-start=\"4436\" data-end=\"4585\">\u26a0\ufe0f <strong data-start=\"4439\" data-end=\"4450\">Remarque :<\/strong> Ce produit est <strong data-start=\"4466\" data-end=\"4521\">destin\u00e9s exclusivement \u00e0 la recherche scientifique<\/strong> et <strong data-start=\"4525\" data-end=\"4582\">niet geschikt voor menselijke of dierlijke consumptie<\/strong>.<\/p>\n<\/blockquote>\n<hr data-start=\"4587\" data-end=\"4590\" \/>\n<h3 data-start=\"4592\" data-end=\"4623\"><strong data-start=\"4596\" data-end=\"4623\">Caract\u00e9ristiques principales<\/strong><\/h3>\n<ul data-start=\"4624\" data-end=\"5029\">\n<li data-start=\"4624\" data-end=\"4709\">\n<p data-start=\"4626\" data-end=\"4709\"><strong data-start=\"4626\" data-end=\"4652\">Haute puret\u00e9 (\u226599%)<\/strong> \u2013 Laboratoriumgetest voor identiteit en samenstelling.<\/p>\n<\/li>\n<li data-start=\"4710\" data-end=\"4789\">\n<p data-start=\"4712\" data-end=\"4789\"><strong data-start=\"4712\" data-end=\"4741\">Stabiele Fumaraatzoutvorm<\/strong> \u2013 Verhoogt houdbaarheid en opslagstabiliteit.<\/p>\n<\/li>\n<li data-start=\"4790\" data-end=\"4877\">\n<p data-start=\"4792\" data-end=\"4877\"><strong data-start=\"4792\" data-end=\"4831\">Farmacologische Onderzoeksstandaard<\/strong> - Convient pour les \u00e9tudes sur les r\u00e9cepteurs et les SAR.<\/p>\n<\/li>\n<li data-start=\"4878\" data-end=\"4948\">\n<p data-start=\"4880\" data-end=\"4948\"><strong data-start=\"4880\" data-end=\"4905\">Consistente Kwaliteit<\/strong> \u2013 Geproduceerd onder GMP-achtige normen.<\/p>\n<\/li>\n<li data-start=\"4949\" data-end=\"5029\">\n<p data-start=\"4951\" data-end=\"5029\"><strong data-start=\"4951\" data-end=\"4973\">Emballage s\u00fbr<\/strong> \u2013 Luchtdicht en lichtdicht voor maximale bescherming. ept fumarate<\/p>\n<\/li>\n<\/ul>\n<hr data-start=\"5031\" data-end=\"5034\" \/>\n<h3 data-start=\"5036\" data-end=\"5053\"><strong data-start=\"5040\" data-end=\"5053\">Avantages<\/strong><\/h3>\n<ul data-start=\"5054\" data-end=\"5337\">\n<li data-start=\"5054\" data-end=\"5134\">\n<p data-start=\"5056\" data-end=\"5134\">Ondersteunt <strong data-start=\"5068\" data-end=\"5131\">onderzoek naar serotonine-receptoren en tryptamine-analogen<\/strong>.<\/p>\n<\/li>\n<li data-start=\"5135\" data-end=\"5211\">\n<p data-start=\"5137\" data-end=\"5211\"><strong data-start=\"5137\" data-end=\"5182\">Betrouwbare en reproduceerbare resultaten<\/strong> bij laboratoriumonderzoek.<\/p>\n<\/li>\n<li data-start=\"5212\" data-end=\"5265\">\n<p data-start=\"5214\" data-end=\"5265\"><strong data-start=\"5214\" data-end=\"5240\">Am\u00e9lioration de la stabilit\u00e9<\/strong> en lange houdbaarheid.<\/p>\n<\/li>\n<li data-start=\"5266\" data-end=\"5337\">\n<p data-start=\"5268\" data-end=\"5337\">Id\u00e9al pour <strong data-start=\"5280\" data-end=\"5334\">academisch, farmacologisch en analytisch onderzoek<\/strong>.<\/p>\n<\/li>\n<\/ul>\n<hr data-start=\"5339\" data-end=\"5342\" \/>\n<h3 data-start=\"5344\" data-end=\"5359\"><strong data-start=\"5348\" data-end=\"5359\">Utilisation<\/strong><\/h3>\n<ul data-start=\"5360\" data-end=\"5642\">\n<li data-start=\"5360\" data-end=\"5430\">\n<p data-start=\"5362\" data-end=\"5430\">A utiliser uniquement par <strong data-start=\"5387\" data-end=\"5427\">personnel de laboratoire qualifi\u00e9<\/strong>.<\/p>\n<\/li>\n<li data-start=\"5431\" data-end=\"5518\">\n<p data-start=\"5433\" data-end=\"5518\">Utiliser des <strong data-start=\"5451\" data-end=\"5475\">\u00e9quipement de protection<\/strong> (handschoenen, veiligheidsbril, labjas).<\/p>\n<\/li>\n<li data-start=\"5519\" data-end=\"5583\">\n<p data-start=\"5521\" data-end=\"5583\">Stocker sur un <strong data-start=\"5536\" data-end=\"5570\">endroit frais, sec et sombre<\/strong> (15-25\u00b0C).<\/p>\n<\/li>\n<li data-start=\"5584\" data-end=\"5642\">\n<p data-start=\"5586\" data-end=\"5642\">Ne convient pas \u00e0 la consommation humaine ou animale.<\/p>\n<\/li>\n<\/ul>\n<hr data-start=\"5644\" data-end=\"5647\" \/>\n<h3 data-start=\"5649\" data-end=\"5684\"><strong data-start=\"5653\" data-end=\"5684\">Foire aux questions (FAQ)<\/strong><\/h3>\n<p data-start=\"5686\" data-end=\"5864\"><strong data-start=\"5686\" data-end=\"5730\">1. Waarvoor wordt EPT Fumaraat gebruikt?<\/strong><br data-start=\"5730\" data-end=\"5733\" \/>EPT Fumaraat wordt gebruikt voor <strong data-start=\"5766\" data-end=\"5811\">farmacologisch en neurochemisch onderzoek<\/strong> naar tryptamine-analogen en serotonine-receptoren.<\/p>\n<p data-start=\"5866\" data-end=\"6041\"><strong data-start=\"5866\" data-end=\"5919\">2. Is EPT Fumaraat veilig voor menselijk gebruik?<\/strong><br data-start=\"5919\" data-end=\"5922\" \/>Non. Ce produit est <strong data-start=\"5942\" data-end=\"5991\">\u00e0 des fins de recherche uniquement<\/strong> et non approuv\u00e9s pour la consommation humaine.<\/p>\n<p data-start=\"6043\" data-end=\"6201\"><strong data-start=\"6043\" data-end=\"6087\">3. Hoe moet EPT Fumaraat worden bewaard?<\/strong><br data-start=\"6087\" data-end=\"6090\" \/>Conserver dans un <strong data-start=\"6105\" data-end=\"6135\">goed afgesloten verpakking<\/strong> bij kamertemperatuur (15\u201325\u00b0C), beschermd tegen vocht en licht.<\/p>","protected":false},"excerpt":{"rendered":"<h3><span data-sheets-value=\"{\" data-sheets-userformat=\"{\"><span style=\"vertical-align: inherit;\"><span style=\"vertical-align: inherit;\">EPT fumarate properties<\/span><\/span><\/span><\/h3>\n<p><strong><span style=\"vertical-align: inherit;\"><span style=\"vertical-align: inherit;\">Synonym:<\/span><\/span><\/strong><span style=\"vertical-align: inherit;\"><span style=\"vertical-align: inherit;\"> N-ethyl-N-propyltryptamine fumarate <\/span><\/span><br \/>\n<strong><span style=\"vertical-align: inherit;\"><span style=\"vertical-align: inherit;\">CAS Number:<\/span><\/span><\/strong><span style=\"vertical-align: inherit;\"><span style=\"vertical-align: inherit;\"> n\/a <\/span><\/span><br \/>\n<strong><span style=\"vertical-align: inherit;\"><span style=\"vertical-align: inherit;\">Formula:<\/span><\/span><\/strong><span style=\"vertical-align: inherit;\"><span style=\"vertical-align: inherit;\"> 3-[2-(ethyl(propyl)amino)ethyl]-1H-indole fumarate <\/span><\/span><br \/>\n<strong><span style=\"vertical-align: inherit;\"><span style=\"vertical-align: inherit;\">Molar Mass:<\/span><\/span><\/strong><span style=\"vertical-align: inherit;\"><span style=\"vertical-align: inherit;\"> 346.4 g\/mol <\/span><\/span><br \/>\n<strong><span style=\"vertical-align: inherit;\"><span style=\"vertical-align: inherit;\">Purity:<\/span><\/span><\/strong><span style=\"vertical-align: inherit;\"><span style=\"vertical-align: inherit;\"> &gt;97%<\/span><\/span><\/p>\n","protected":false},"featured_media":16983,"comment_status":"closed","ping_status":"closed","template":"","meta":[],"product_brand":[],"product_cat":[237,41],"product_tag":[238,239,22],"class_list":{"0":"post-382","1":"product","2":"type-product","3":"status-publish","4":"has-post-thumbnail","6":"product_cat-ept","7":"product_cat-tryptamine","8":"product_tag-ept-fumarate","9":"product_tag-ept-fumarate-kopen","10":"product_tag-nl","12":"first","13":"instock","14":"shipping-taxable","15":"purchasable","16":"product-type-variable"},"_links":{"self":[{"href":"https:\/\/researchchemicalvendors.eu\/fr\/wp-json\/wp\/v2\/product\/382","targetHints":{"allow":["GET"]}}],"collection":[{"href":"https:\/\/researchchemicalvendors.eu\/fr\/wp-json\/wp\/v2\/product"}],"about":[{"href":"https:\/\/researchchemicalvendors.eu\/fr\/wp-json\/wp\/v2\/types\/product"}],"replies":[{"embeddable":true,"href":"https:\/\/researchchemicalvendors.eu\/fr\/wp-json\/wp\/v2\/comments?post=382"}],"version-history":[{"count":1,"href":"https:\/\/researchchemicalvendors.eu\/fr\/wp-json\/wp\/v2\/product\/382\/revisions"}],"predecessor-version":[{"id":16691,"href":"https:\/\/researchchemicalvendors.eu\/fr\/wp-json\/wp\/v2\/product\/382\/revisions\/16691"}],"wp:featuredmedia":[{"embeddable":true,"href":"https:\/\/researchchemicalvendors.eu\/fr\/wp-json\/wp\/v2\/media\/16983"}],"wp:attachment":[{"href":"https:\/\/researchchemicalvendors.eu\/fr\/wp-json\/wp\/v2\/media?parent=382"}],"wp:term":[{"taxonomy":"product_brand","embeddable":true,"href":"https:\/\/researchchemicalvendors.eu\/fr\/wp-json\/wp\/v2\/product_brand?post=382"},{"taxonomy":"product_cat","embeddable":true,"href":"https:\/\/researchchemicalvendors.eu\/fr\/wp-json\/wp\/v2\/product_cat?post=382"},{"taxonomy":"product_tag","embeddable":true,"href":"https:\/\/researchchemicalvendors.eu\/fr\/wp-json\/wp\/v2\/product_tag?post=382"}],"curies":[{"name":"wp","href":"https:\/\/api.w.org\/{rel}","templated":true}]}}